{"id":1221,"date":"2019-05-16T09:24:45","date_gmt":"2019-05-16T09:24:45","guid":{"rendered":"https:\/\/promo-theme.com\/mato\/?page_id=1221"},"modified":"2025-01-23T09:41:10","modified_gmt":"2025-01-23T08:41:10","slug":"filmsseries","status":"publish","type":"page","link":"https:\/\/impactfilm.fr\/en\/filmsseries\/","title":{"rendered":"Films &#038; Series"},"content":{"rendered":"<section class=\"wpb-content-wrapper\"><div class=\"vc_row wpb_row vc_row-fluid vc_custom_1668766895023 vc_row-63775caad975b\"><div class=\"wpb_column vc_column_container vc_col-sm-12 vc_row-69def53af2358\"><div class=\"vc_column-inner\"><div class=\"wpb_wrapper\">      <div class=\"heading-block heading-5cdd2723f9933 tal h-h1 vc_custom_1737621665442\">\n                  <h1 class=\"h\">Films &amp; series co-produced<br \/>\n<span>or co-distributed<\/span><\/h1>\n              <\/div>\n    \t\t\t\t\t\t\t<div class=\"portfolio-block filter-block portfolio-5cdd277e7ae77 portfolio-masonry style-style2\" data-type=\"masonry\">\n\t\t\t\t\t\n\t\t\t\t\t<div class=\"load-wrap row isotope\">\n\t\t\t\t\t\t\t\t\t\t\t\t\t<div class=\"grid-sizer col-1\"><\/div>\n\t\t\t\t\t\t\t\t<article class=\"category-societe  col-12 col-sm-6 col-md-4\">\n\t\t\t<div class=\"portfolio-item wpb_animate_when_almost_visible wpb_fadeInUp fadeInUp post-2457 fw-portfolio type-fw-portfolio status-publish has-post-thumbnail hentry fw-portfolio-category-societe\">\n\t\t\t\t<div class=\"img-block\">\n\t\t\t\t\t<img loading=\"lazy\" decoding=\"async\" width=\"752\" height=\"1024\" src=\"https:\/\/impactfilm.fr\/wp-content\/uploads\/2026\/04\/PLUS-FORT-QUE-MOI_120_HD-752x1024.jpg\" class=\"attachment-large size-large\" alt=\"\" srcset=\"https:\/\/impactfilm.fr\/wp-content\/uploads\/2026\/04\/PLUS-FORT-QUE-MOI_120_HD-752x1024.jpg 752w, https:\/\/impactfilm.fr\/wp-content\/uploads\/2026\/04\/PLUS-FORT-QUE-MOI_120_HD-220x300.jpg 220w, https:\/\/impactfilm.fr\/wp-content\/uploads\/2026\/04\/PLUS-FORT-QUE-MOI_120_HD-768x1046.jpg 768w, https:\/\/impactfilm.fr\/wp-content\/uploads\/2026\/04\/PLUS-FORT-QUE-MOI_120_HD-1128x1536.jpg 1128w, https:\/\/impactfilm.fr\/wp-content\/uploads\/2026\/04\/PLUS-FORT-QUE-MOI_120_HD-9x12.jpg 9w, https:\/\/impactfilm.fr\/wp-content\/uploads\/2026\/04\/PLUS-FORT-QUE-MOI_120_HD.jpg 1370w\" sizes=\"auto, (max-width: 752px) 100vw, 752px\" \/>\t\t\t\t\t\t<div class=\"h-content\">\n\t\t\t\t\t\t\t\t\t\t\t\t\t\t<div class=\"p\">Director<\/div>\n\t\t\t\t\t\t\t<div class=\"n\">Kirk Jones<\/div>\n\t\t\t\t\t\t\t\t\t\t\t\t\t\t<div class=\"l\">Royaume-Uni<\/div>\n\t\t\t\t\t\t\t\t\t\t\t\t\t\t<div class=\"d\">121 mins<\/div>\n\t\t\t\t\t\t\t\t\t\t\t\t\t<\/div>\n\t\t\t\t\t\t\t\t\t<\/div>\n\t\t\t\t<div class=\"content\">\n\t\t\t\t\t<h5 class=\"h\">Plus fort que moi<\/h5>\n\t\t\t\t\t<div class=\"meta\">2026, Soci\u00e9t\u00e9<\/div>\n\t\t\t\t<\/div>\n\t\t\t\t<a href=\"https:\/\/impactfilm.fr\/en\/project\/promis-le-ciel-2\/\" data-magic-cursor=\"link-w-text\" data-magic-cursor-text=\"Voir\" data-id=\"1\"><\/a>\t\t\t<\/div>\n\t\t<\/article>\n\t\t\t\t<article class=\"category-societe  col-12 col-sm-6 col-md-4\">\n\t\t\t<div class=\"portfolio-item wpb_animate_when_almost_visible wpb_fadeInUp fadeInUp post-2411 fw-portfolio type-fw-portfolio status-publish has-post-thumbnail hentry fw-portfolio-category-societe\">\n\t\t\t\t<div class=\"img-block\">\n\t\t\t\t\t<img loading=\"lazy\" decoding=\"async\" width=\"754\" height=\"1024\" src=\"https:\/\/impactfilm.fr\/wp-content\/uploads\/2026\/01\/Affiche-PROMIS-LE-CIEL-1-754x1024.jpg\" class=\"attachment-large size-large\" alt=\"\" srcset=\"https:\/\/impactfilm.fr\/wp-content\/uploads\/2026\/01\/Affiche-PROMIS-LE-CIEL-1-754x1024.jpg 754w, https:\/\/impactfilm.fr\/wp-content\/uploads\/2026\/01\/Affiche-PROMIS-LE-CIEL-1-221x300.jpg 221w, https:\/\/impactfilm.fr\/wp-content\/uploads\/2026\/01\/Affiche-PROMIS-LE-CIEL-1-768x1043.jpg 768w, https:\/\/impactfilm.fr\/wp-content\/uploads\/2026\/01\/Affiche-PROMIS-LE-CIEL-1-1131x1536.jpg 1131w, https:\/\/impactfilm.fr\/wp-content\/uploads\/2026\/01\/Affiche-PROMIS-LE-CIEL-1-1508x2048.jpg 1508w, https:\/\/impactfilm.fr\/wp-content\/uploads\/2026\/01\/Affiche-PROMIS-LE-CIEL-1-9x12.jpg 9w, https:\/\/impactfilm.fr\/wp-content\/uploads\/2026\/01\/Affiche-PROMIS-LE-CIEL-1-scaled.jpg 1885w\" sizes=\"auto, (max-width: 754px) 100vw, 754px\" \/>\t\t\t\t\t\t<div class=\"h-content\">\n\t\t\t\t\t\t\t\t\t\t\t\t\t\t<div class=\"p\">Director<\/div>\n\t\t\t\t\t\t\t<div class=\"n\">Erige Sehiri<\/div>\n\t\t\t\t\t\t\t\t\t\t\t\t\t\t<div class=\"l\">France<\/div>\n\t\t\t\t\t\t\t\t\t\t\t\t\t\t<div class=\"d\">92 mins<\/div>\n\t\t\t\t\t\t\t\t\t\t\t\t\t<\/div>\n\t\t\t\t\t\t\t\t\t<\/div>\n\t\t\t\t<div class=\"content\">\n\t\t\t\t\t<h5 class=\"h\">Promis le ciel<\/h5>\n\t\t\t\t\t<div class=\"meta\">2026, Soci\u00e9t\u00e9<\/div>\n\t\t\t\t<\/div>\n\t\t\t\t<a href=\"https:\/\/impactfilm.fr\/en\/project\/promis-le-ciel\/\" data-magic-cursor=\"link-w-text\" data-magic-cursor-text=\"Voir\" data-id=\"2\"><\/a>\t\t\t<\/div>\n\t\t<\/article>\n\t\t\t\t<article class=\"category-societe  col-12 col-sm-6 col-md-4\">\n\t\t\t<div class=\"portfolio-item wpb_animate_when_almost_visible wpb_fadeInUp fadeInUp post-2410 fw-portfolio type-fw-portfolio status-publish has-post-thumbnail hentry fw-portfolio-category-societe\">\n\t\t\t\t<div class=\"img-block\">\n\t\t\t\t\t<img loading=\"lazy\" decoding=\"async\" width=\"768\" height=\"1024\" src=\"https:\/\/impactfilm.fr\/wp-content\/uploads\/2026\/01\/FURCY-AFFICHE-120x160-22.08-OK-JPG-768x1024.jpeg\" class=\"attachment-large size-large\" alt=\"\" srcset=\"https:\/\/impactfilm.fr\/wp-content\/uploads\/2026\/01\/FURCY-AFFICHE-120x160-22.08-OK-JPG-768x1024.jpeg 768w, https:\/\/impactfilm.fr\/wp-content\/uploads\/2026\/01\/FURCY-AFFICHE-120x160-22.08-OK-JPG-225x300.jpeg 225w, https:\/\/impactfilm.fr\/wp-content\/uploads\/2026\/01\/FURCY-AFFICHE-120x160-22.08-OK-JPG-1152x1536.jpeg 1152w, https:\/\/impactfilm.fr\/wp-content\/uploads\/2026\/01\/FURCY-AFFICHE-120x160-22.08-OK-JPG-1536x2048.jpeg 1536w, https:\/\/impactfilm.fr\/wp-content\/uploads\/2026\/01\/FURCY-AFFICHE-120x160-22.08-OK-JPG-9x12.jpeg 9w, https:\/\/impactfilm.fr\/wp-content\/uploads\/2026\/01\/FURCY-AFFICHE-120x160-22.08-OK-JPG-scaled.jpeg 1920w\" sizes=\"auto, (max-width: 768px) 100vw, 768px\" \/>\t\t\t\t\t\t<div class=\"h-content\">\n\t\t\t\t\t\t\t\t\t\t\t\t\t\t<div class=\"p\">Director<\/div>\n\t\t\t\t\t\t\t<div class=\"n\">Abd al Malik<\/div>\n\t\t\t\t\t\t\t\t\t\t\t\t\t\t<div class=\"l\">France<\/div>\n\t\t\t\t\t\t\t\t\t\t\t\t\t\t<div class=\"d\">108 mins<\/div>\n\t\t\t\t\t\t\t\t\t\t\t\t\t<\/div>\n\t\t\t\t\t\t\t\t\t<\/div>\n\t\t\t\t<div class=\"content\">\n\t\t\t\t\t<h5 class=\"h\">Furcy, n\u00e9 libre<\/h5>\n\t\t\t\t\t<div class=\"meta\">2026, Soci\u00e9t\u00e9<\/div>\n\t\t\t\t<\/div>\n\t\t\t\t<a href=\"https:\/\/impactfilm.fr\/en\/project\/furcy-ne-libre\/\" data-magic-cursor=\"link-w-text\" data-magic-cursor-text=\"Voir\" data-id=\"3\"><\/a>\t\t\t<\/div>\n\t\t<\/article>\n\t\t\t\t<article class=\"category-societe  col-12 col-sm-6 col-md-4\">\n\t\t\t<div class=\"portfolio-item wpb_animate_when_almost_visible wpb_fadeInUp fadeInUp post-2399 fw-portfolio type-fw-portfolio status-publish has-post-thumbnail hentry fw-portfolio-category-societe\">\n\t\t\t\t<div class=\"img-block\">\n\t\t\t\t\t<img loading=\"lazy\" decoding=\"async\" width=\"754\" height=\"1024\" src=\"https:\/\/impactfilm.fr\/wp-content\/uploads\/2025\/12\/louise_doc120_date_hd-754x1024.webp\" class=\"attachment-large size-large\" alt=\"\" srcset=\"https:\/\/impactfilm.fr\/wp-content\/uploads\/2025\/12\/louise_doc120_date_hd-754x1024.webp 754w, https:\/\/impactfilm.fr\/wp-content\/uploads\/2025\/12\/louise_doc120_date_hd-221x300.webp 221w, https:\/\/impactfilm.fr\/wp-content\/uploads\/2025\/12\/louise_doc120_date_hd-768x1043.webp 768w, https:\/\/impactfilm.fr\/wp-content\/uploads\/2025\/12\/louise_doc120_date_hd-1131x1536.webp 1131w, https:\/\/impactfilm.fr\/wp-content\/uploads\/2025\/12\/louise_doc120_date_hd-1508x2048.webp 1508w, https:\/\/impactfilm.fr\/wp-content\/uploads\/2025\/12\/louise_doc120_date_hd-9x12.webp 9w, https:\/\/impactfilm.fr\/wp-content\/uploads\/2025\/12\/louise_doc120_date_hd-scaled.webp 1885w\" sizes=\"auto, (max-width: 754px) 100vw, 754px\" \/>\t\t\t\t\t\t<div class=\"h-content\">\n\t\t\t\t\t\t\t\t\t\t\t\t\t\t<div class=\"p\">Director<\/div>\n\t\t\t\t\t\t\t<div class=\"n\">Nicolas Keitel<\/div>\n\t\t\t\t\t\t\t\t\t\t\t\t\t\t<div class=\"l\">France<\/div>\n\t\t\t\t\t\t\t\t\t\t\t\t\t\t<div class=\"d\">108 mins<\/div>\n\t\t\t\t\t\t\t\t\t\t\t\t\t<\/div>\n\t\t\t\t\t\t\t\t\t<\/div>\n\t\t\t\t<div class=\"content\">\n\t\t\t\t\t<h5 class=\"h\">Louise<\/h5>\n\t\t\t\t\t<div class=\"meta\">2025, Soci\u00e9t\u00e9<\/div>\n\t\t\t\t<\/div>\n\t\t\t\t<a href=\"https:\/\/impactfilm.fr\/en\/project\/louise\/\" data-magic-cursor=\"link-w-text\" data-magic-cursor-text=\"Voir\" data-id=\"4\"><\/a>\t\t\t<\/div>\n\t\t<\/article>\n\t\t\t\t<article class=\"category-societe  col-12 col-sm-6 col-md-4\">\n\t\t\t<div class=\"portfolio-item wpb_animate_when_almost_visible wpb_fadeInUp fadeInUp post-2367 fw-portfolio type-fw-portfolio status-publish has-post-thumbnail hentry fw-portfolio-category-societe\">\n\t\t\t\t<div class=\"img-block\">\n\t\t\t\t\t<img loading=\"lazy\" decoding=\"async\" width=\"754\" height=\"1024\" src=\"https:\/\/impactfilm.fr\/wp-content\/uploads\/2025\/11\/AfficheDPDA-754x1024.jpg\" class=\"attachment-large size-large\" alt=\"\" srcset=\"https:\/\/impactfilm.fr\/wp-content\/uploads\/2025\/11\/AfficheDPDA-754x1024.jpg 754w, https:\/\/impactfilm.fr\/wp-content\/uploads\/2025\/11\/AfficheDPDA-221x300.jpg 221w, https:\/\/impactfilm.fr\/wp-content\/uploads\/2025\/11\/AfficheDPDA-768x1043.jpg 768w, https:\/\/impactfilm.fr\/wp-content\/uploads\/2025\/11\/AfficheDPDA-9x12.jpg 9w, https:\/\/impactfilm.fr\/wp-content\/uploads\/2025\/11\/AfficheDPDA.jpg 1040w\" sizes=\"auto, (max-width: 754px) 100vw, 754px\" \/>\t\t\t\t\t\t<div class=\"h-content\">\n\t\t\t\t\t\t\t\t\t\t\t\t\t\t<div class=\"p\">Director<\/div>\n\t\t\t\t\t\t\t<div class=\"n\">Alice Douard<\/div>\n\t\t\t\t\t\t\t\t\t\t\t\t\t\t<div class=\"l\">France<\/div>\n\t\t\t\t\t\t\t\t\t\t\t\t\t\t<div class=\"d\">96 mins<\/div>\n\t\t\t\t\t\t\t\t\t\t\t\t\t<\/div>\n\t\t\t\t\t\t\t\t\t<\/div>\n\t\t\t\t<div class=\"content\">\n\t\t\t\t\t<h5 class=\"h\">Des preuves d'amour<\/h5>\n\t\t\t\t\t<div class=\"meta\">2025, Soci\u00e9t\u00e9<\/div>\n\t\t\t\t<\/div>\n\t\t\t\t<a href=\"https:\/\/impactfilm.fr\/en\/project\/des-preuves-damour\/\" data-magic-cursor=\"link-w-text\" data-magic-cursor-text=\"Voir\" data-id=\"5\"><\/a>\t\t\t<\/div>\n\t\t<\/article>\n\t\t\t\t<article class=\"category-comedie  col-12 col-sm-6 col-md-4\">\n\t\t\t<div class=\"portfolio-item wpb_animate_when_almost_visible wpb_fadeInUp fadeInUp post-2368 fw-portfolio type-fw-portfolio status-publish has-post-thumbnail hentry fw-portfolio-category-comedie\">\n\t\t\t\t<div class=\"img-block\">\n\t\t\t\t\t<img loading=\"lazy\" decoding=\"async\" width=\"752\" height=\"1024\" src=\"https:\/\/impactfilm.fr\/wp-content\/uploads\/2025\/11\/CLASSE_MOYENNE_AFFICHE-scaled-1040x1416.170212766-c-center-752x1024.jpg\" class=\"attachment-large size-large\" alt=\"\" srcset=\"https:\/\/impactfilm.fr\/wp-content\/uploads\/2025\/11\/CLASSE_MOYENNE_AFFICHE-scaled-1040x1416.170212766-c-center-752x1024.jpg 752w, https:\/\/impactfilm.fr\/wp-content\/uploads\/2025\/11\/CLASSE_MOYENNE_AFFICHE-scaled-1040x1416.170212766-c-center-220x300.jpg 220w, https:\/\/impactfilm.fr\/wp-content\/uploads\/2025\/11\/CLASSE_MOYENNE_AFFICHE-scaled-1040x1416.170212766-c-center-768x1046.jpg 768w, https:\/\/impactfilm.fr\/wp-content\/uploads\/2025\/11\/CLASSE_MOYENNE_AFFICHE-scaled-1040x1416.170212766-c-center-9x12.jpg 9w, https:\/\/impactfilm.fr\/wp-content\/uploads\/2025\/11\/CLASSE_MOYENNE_AFFICHE-scaled-1040x1416.170212766-c-center.jpg 1040w\" sizes=\"auto, (max-width: 752px) 100vw, 752px\" \/>\t\t\t\t\t\t<div class=\"h-content\">\n\t\t\t\t\t\t\t\t\t\t\t\t\t\t<div class=\"p\">Director<\/div>\n\t\t\t\t\t\t\t<div class=\"n\">Anthony Cordier<\/div>\n\t\t\t\t\t\t\t\t\t\t\t\t\t\t<div class=\"l\">France<\/div>\n\t\t\t\t\t\t\t\t\t\t\t\t\t\t<div class=\"d\">95 mins<\/div>\n\t\t\t\t\t\t\t\t\t\t\t\t\t<\/div>\n\t\t\t\t\t\t\t\t\t<\/div>\n\t\t\t\t<div class=\"content\">\n\t\t\t\t\t<h5 class=\"h\">Classe moyenne<\/h5>\n\t\t\t\t\t<div class=\"meta\">2025, Com\u00e9die<\/div>\n\t\t\t\t<\/div>\n\t\t\t\t<a href=\"https:\/\/impactfilm.fr\/en\/project\/classe-moyenne\/\" data-magic-cursor=\"link-w-text\" data-magic-cursor-text=\"Voir\" data-id=\"6\"><\/a>\t\t\t<\/div>\n\t\t<\/article>\n\t\t\t\t<article class=\"category-documentaire  col-12 col-sm-6 col-md-4\">\n\t\t\t<div class=\"portfolio-item wpb_animate_when_almost_visible wpb_fadeInUp fadeInUp post-2366 fw-portfolio type-fw-portfolio status-publish has-post-thumbnail hentry fw-portfolio-category-documentaire\">\n\t\t\t\t<div class=\"img-block\">\n\t\t\t\t\t<img loading=\"lazy\" decoding=\"async\" width=\"767\" height=\"1024\" src=\"https:\/\/impactfilm.fr\/wp-content\/uploads\/2025\/11\/AfficheLSLB-767x1024.png\" class=\"attachment-large size-large\" alt=\"\" srcset=\"https:\/\/impactfilm.fr\/wp-content\/uploads\/2025\/11\/AfficheLSLB-767x1024.png 767w, https:\/\/impactfilm.fr\/wp-content\/uploads\/2025\/11\/AfficheLSLB-225x300.png 225w, https:\/\/impactfilm.fr\/wp-content\/uploads\/2025\/11\/AfficheLSLB-768x1026.png 768w, https:\/\/impactfilm.fr\/wp-content\/uploads\/2025\/11\/AfficheLSLB-1150x1536.png 1150w, https:\/\/impactfilm.fr\/wp-content\/uploads\/2025\/11\/AfficheLSLB-9x12.png 9w, https:\/\/impactfilm.fr\/wp-content\/uploads\/2025\/11\/AfficheLSLB.png 1316w\" sizes=\"auto, (max-width: 767px) 100vw, 767px\" \/>\t\t\t\t\t\t<div class=\"h-content\">\n\t\t\t\t\t\t\t\t\t\t\t\t\t\t<div class=\"p\">Director<\/div>\n\t\t\t\t\t\t\t<div class=\"n\">Jean-Gabriel Leynaud<\/div>\n\t\t\t\t\t\t\t\t\t\t\t\t\t\t<div class=\"l\">France<\/div>\n\t\t\t\t\t\t\t\t\t\t\t\t\t\t<div class=\"d\">94 mins<\/div>\n\t\t\t\t\t\t\t\t\t\t\t\t\t<\/div>\n\t\t\t\t\t\t\t\t\t<\/div>\n\t\t\t\t<div class=\"content\">\n\t\t\t\t\t<h5 class=\"h\">Le sang et la boue<\/h5>\n\t\t\t\t\t<div class=\"meta\">2025, Documentaire<\/div>\n\t\t\t\t<\/div>\n\t\t\t\t<a href=\"https:\/\/impactfilm.fr\/en\/project\/le-sang-et-la-boue\/\" data-magic-cursor=\"link-w-text\" data-magic-cursor-text=\"Voir\" data-id=\"7\"><\/a>\t\t\t<\/div>\n\t\t<\/article>\n\t\t\t\t<article class=\"category-documentaire  col-12 col-sm-6 col-md-4\">\n\t\t\t<div class=\"portfolio-item wpb_animate_when_almost_visible wpb_fadeInUp fadeInUp post-2346 fw-portfolio type-fw-portfolio status-publish has-post-thumbnail hentry fw-portfolio-category-documentaire\">\n\t\t\t\t<div class=\"img-block\">\n\t\t\t\t\t<img loading=\"lazy\" decoding=\"async\" width=\"400\" height=\"533\" src=\"https:\/\/impactfilm.fr\/wp-content\/uploads\/2025\/07\/phpnk4xnq.jpg.webp\" class=\"attachment-large size-large\" alt=\"\" srcset=\"https:\/\/impactfilm.fr\/wp-content\/uploads\/2025\/07\/phpnk4xnq.jpg.webp 400w, https:\/\/impactfilm.fr\/wp-content\/uploads\/2025\/07\/phpnk4xnq.jpg-225x300.webp 225w, https:\/\/impactfilm.fr\/wp-content\/uploads\/2025\/07\/phpnk4xnq.jpg-9x12.webp 9w\" sizes=\"auto, (max-width: 400px) 100vw, 400px\" \/>\t\t\t\t\t\t<div class=\"h-content\">\n\t\t\t\t\t\t\t\t\t\t\t\t\t\t<div class=\"p\">Director<\/div>\n\t\t\t\t\t\t\t<div class=\"n\">Amandine Gay<\/div>\n\t\t\t\t\t\t\t\t\t\t\t\t\t\t<div class=\"l\">France<\/div>\n\t\t\t\t\t\t\t\t\t\t\t\t\t\t<div class=\"d\">5x26min<\/div>\n\t\t\t\t\t\t\t\t\t\t\t\t\t<\/div>\n\t\t\t\t\t\t\t\t\t<\/div>\n\t\t\t\t<div class=\"content\">\n\t\t\t\t\t<h5 class=\"h\">Ballroom, danser pour exister<\/h5>\n\t\t\t\t\t<div class=\"meta\">2025, Documentaire<\/div>\n\t\t\t\t<\/div>\n\t\t\t\t<a href=\"https:\/\/impactfilm.fr\/en\/project\/ballroom-danser-pour-exister\/\" data-magic-cursor=\"link-w-text\" data-magic-cursor-text=\"Voir\" data-id=\"8\"><\/a>\t\t\t<\/div>\n\t\t<\/article>\n\t\t\t\t<article class=\"category-comedie  col-12 col-sm-6 col-md-4\">\n\t\t\t<div class=\"portfolio-item wpb_animate_when_almost_visible wpb_fadeInUp fadeInUp post-2316 fw-portfolio type-fw-portfolio status-publish has-post-thumbnail hentry fw-portfolio-category-comedie\">\n\t\t\t\t<div class=\"img-block\">\n\t\t\t\t\t<img loading=\"lazy\" decoding=\"async\" width=\"719\" height=\"953\" src=\"https:\/\/impactfilm.fr\/wp-content\/uploads\/2025\/04\/djm-120-print-sonis-67ec08b36b2e9266352443-e1748264200683.jpg\" class=\"attachment-large size-large\" alt=\"\" srcset=\"https:\/\/impactfilm.fr\/wp-content\/uploads\/2025\/04\/djm-120-print-sonis-67ec08b36b2e9266352443-e1748264200683.jpg 719w, https:\/\/impactfilm.fr\/wp-content\/uploads\/2025\/04\/djm-120-print-sonis-67ec08b36b2e9266352443-e1748264200683-226x300.jpg 226w, https:\/\/impactfilm.fr\/wp-content\/uploads\/2025\/04\/djm-120-print-sonis-67ec08b36b2e9266352443-e1748264200683-9x12.jpg 9w\" sizes=\"auto, (max-width: 719px) 100vw, 719px\" \/>\t\t\t\t\t\t<div class=\"h-content\">\n\t\t\t\t\t\t\t\t\t\t\t\t\t\t<div class=\"p\">Director<\/div>\n\t\t\t\t\t\t\t<div class=\"n\">Elsa Bennett et Hippolyte Dard<\/div>\n\t\t\t\t\t\t\t\t\t\t\t\t\t\t<div class=\"l\">France<\/div>\n\t\t\t\t\t\t\t\t\t\t\t\t\t\t<div class=\"d\">104 min<\/div>\n\t\t\t\t\t\t\t\t\t\t\t\t\t<\/div>\n\t\t\t\t\t\t\t\t\t<\/div>\n\t\t\t\t<div class=\"content\">\n\t\t\t\t\t<h5 class=\"h\">Des jours meilleurs<\/h5>\n\t\t\t\t\t<div class=\"meta\">2025, Com\u00e9die<\/div>\n\t\t\t\t<\/div>\n\t\t\t\t<a href=\"https:\/\/impactfilm.fr\/en\/project\/des-jours-meilleurs\/\" data-magic-cursor=\"link-w-text\" data-magic-cursor-text=\"Voir\" data-id=\"9\"><\/a>\t\t\t<\/div>\n\t\t<\/article>\n\t\t\t\t<article class=\"category-drame  col-12 col-sm-6 col-md-4\">\n\t\t\t<div class=\"portfolio-item wpb_animate_when_almost_visible wpb_fadeInUp fadeInUp post-2296 fw-portfolio type-fw-portfolio status-publish has-post-thumbnail hentry fw-portfolio-category-drame\">\n\t\t\t\t<div class=\"img-block\">\n\t\t\t\t\t<img loading=\"lazy\" decoding=\"async\" width=\"768\" height=\"1024\" src=\"https:\/\/impactfilm.fr\/wp-content\/uploads\/2025\/02\/e8ebe822aceda3fc71ca06da2d73fa95-768x1024.jpg\" class=\"attachment-large size-large\" alt=\"\" srcset=\"https:\/\/impactfilm.fr\/wp-content\/uploads\/2025\/02\/e8ebe822aceda3fc71ca06da2d73fa95-768x1024.jpg 768w, https:\/\/impactfilm.fr\/wp-content\/uploads\/2025\/02\/e8ebe822aceda3fc71ca06da2d73fa95-225x300.jpg 225w, https:\/\/impactfilm.fr\/wp-content\/uploads\/2025\/02\/e8ebe822aceda3fc71ca06da2d73fa95-1152x1536.jpg 1152w, https:\/\/impactfilm.fr\/wp-content\/uploads\/2025\/02\/e8ebe822aceda3fc71ca06da2d73fa95-9x12.jpg 9w, https:\/\/impactfilm.fr\/wp-content\/uploads\/2025\/02\/e8ebe822aceda3fc71ca06da2d73fa95.jpg 1200w\" sizes=\"auto, (max-width: 768px) 100vw, 768px\" \/>\t\t\t\t\t\t<div class=\"h-content\">\n\t\t\t\t\t\t\t\t\t\t\t\t\t\t<div class=\"p\">Director<\/div>\n\t\t\t\t\t\t\t<div class=\"n\">Antoine Chevrollier<\/div>\n\t\t\t\t\t\t\t\t\t\t\t\t\t\t<div class=\"l\">France<\/div>\n\t\t\t\t\t\t\t\t\t\t\t\t\t\t<div class=\"d\">104 min<\/div>\n\t\t\t\t\t\t\t\t\t\t\t\t\t<\/div>\n\t\t\t\t\t\t\t\t\t<\/div>\n\t\t\t\t<div class=\"content\">\n\t\t\t\t\t<h5 class=\"h\">La Pampa<\/h5>\n\t\t\t\t\t<div class=\"meta\">2025, Drame<\/div>\n\t\t\t\t<\/div>\n\t\t\t\t<a href=\"https:\/\/impactfilm.fr\/en\/project\/la-pampa\/\" data-magic-cursor=\"link-w-text\" data-magic-cursor-text=\"Voir\" data-id=\"10\"><\/a>\t\t\t<\/div>\n\t\t<\/article>\n\t\t\t\t<article class=\"category-drame  col-12 col-sm-6 col-md-4\">\n\t\t\t<div class=\"portfolio-item wpb_animate_when_almost_visible wpb_fadeInUp fadeInUp post-2281 fw-portfolio type-fw-portfolio status-publish has-post-thumbnail hentry fw-portfolio-category-drame\">\n\t\t\t\t<div class=\"img-block\">\n\t\t\t\t\t<img loading=\"lazy\" decoding=\"async\" width=\"768\" height=\"1024\" src=\"https:\/\/impactfilm.fr\/wp-content\/uploads\/2024\/08\/uvr_affiche-768x1024.webp\" class=\"attachment-large size-large\" alt=\"\" srcset=\"https:\/\/impactfilm.fr\/wp-content\/uploads\/2024\/08\/uvr_affiche-768x1024.webp 768w, https:\/\/impactfilm.fr\/wp-content\/uploads\/2024\/08\/uvr_affiche-225x300.webp 225w, https:\/\/impactfilm.fr\/wp-content\/uploads\/2024\/08\/uvr_affiche-1152x1536.webp 1152w, https:\/\/impactfilm.fr\/wp-content\/uploads\/2024\/08\/uvr_affiche-9x12.webp 9w, https:\/\/impactfilm.fr\/wp-content\/uploads\/2024\/08\/uvr_affiche.webp 1200w\" sizes=\"auto, (max-width: 768px) 100vw, 768px\" \/>\t\t\t\t\t\t<div class=\"h-content\">\n\t\t\t\t\t\t\t\t\t\t\t\t\t\t<div class=\"p\">Director<\/div>\n\t\t\t\t\t\t\t<div class=\"n\">Morgan Simon<\/div>\n\t\t\t\t\t\t\t\t\t\t\t\t\t\t<div class=\"l\">France, Belgique<\/div>\n\t\t\t\t\t\t\t\t\t\t\t\t\t\t<div class=\"d\">97 min<\/div>\n\t\t\t\t\t\t\t\t\t\t\t\t\t<\/div>\n\t\t\t\t\t\t\t\t\t<\/div>\n\t\t\t\t<div class=\"content\">\n\t\t\t\t\t<h5 class=\"h\">Une vie r\u00eav\u00e9e<\/h5>\n\t\t\t\t\t<div class=\"meta\">2024, Drame<\/div>\n\t\t\t\t<\/div>\n\t\t\t\t<a href=\"https:\/\/impactfilm.fr\/en\/project\/une-vie-revee\/\" data-magic-cursor=\"link-w-text\" data-magic-cursor-text=\"Voir\" data-id=\"11\"><\/a>\t\t\t<\/div>\n\t\t<\/article>\n\t\t\t\t<article class=\"category-comedie  col-12 col-sm-6 col-md-4\">\n\t\t\t<div class=\"portfolio-item wpb_animate_when_almost_visible wpb_fadeInUp fadeInUp post-2283 fw-portfolio type-fw-portfolio status-publish has-post-thumbnail hentry fw-portfolio-category-comedie\">\n\t\t\t\t<div class=\"img-block\">\n\t\t\t\t\t<img loading=\"lazy\" decoding=\"async\" width=\"755\" height=\"1024\" src=\"https:\/\/impactfilm.fr\/wp-content\/uploads\/2024\/04\/120x160-UNPETITTRUCENPLUS-HD-755x1024.jpg\" class=\"attachment-large size-large\" alt=\"\" srcset=\"https:\/\/impactfilm.fr\/wp-content\/uploads\/2024\/04\/120x160-UNPETITTRUCENPLUS-HD-755x1024.jpg 755w, https:\/\/impactfilm.fr\/wp-content\/uploads\/2024\/04\/120x160-UNPETITTRUCENPLUS-HD-221x300.jpg 221w, https:\/\/impactfilm.fr\/wp-content\/uploads\/2024\/04\/120x160-UNPETITTRUCENPLUS-HD-768x1041.jpg 768w, https:\/\/impactfilm.fr\/wp-content\/uploads\/2024\/04\/120x160-UNPETITTRUCENPLUS-HD-1133x1536.jpg 1133w, https:\/\/impactfilm.fr\/wp-content\/uploads\/2024\/04\/120x160-UNPETITTRUCENPLUS-HD-1510x2048.jpg 1510w, https:\/\/impactfilm.fr\/wp-content\/uploads\/2024\/04\/120x160-UNPETITTRUCENPLUS-HD-9x12.jpg 9w, https:\/\/impactfilm.fr\/wp-content\/uploads\/2024\/04\/120x160-UNPETITTRUCENPLUS-HD-scaled.jpg 1888w\" sizes=\"auto, (max-width: 755px) 100vw, 755px\" \/>\t\t\t\t\t\t<div class=\"h-content\">\n\t\t\t\t\t\t\t\t\t\t\t\t\t\t<div class=\"p\">Director<\/div>\n\t\t\t\t\t\t\t<div class=\"n\">Artus<\/div>\n\t\t\t\t\t\t\t\t\t\t\t\t\t\t<div class=\"l\">France<\/div>\n\t\t\t\t\t\t\t\t\t\t\t\t\t\t<div class=\"d\">99 min<\/div>\n\t\t\t\t\t\t\t\t\t\t\t\t\t<\/div>\n\t\t\t\t\t\t\t\t\t<\/div>\n\t\t\t\t<div class=\"content\">\n\t\t\t\t\t<h5 class=\"h\">A little something extra<\/h5>\n\t\t\t\t\t<div class=\"meta\">2024, Com\u00e9die<\/div>\n\t\t\t\t<\/div>\n\t\t\t\t<a href=\"https:\/\/impactfilm.fr\/en\/project\/un-ptit-truc-en-plus\/\" data-magic-cursor=\"link-w-text\" data-magic-cursor-text=\"Voir\" data-id=\"12\"><\/a>\t\t\t<\/div>\n\t\t<\/article>\n\t\t\t\t\t\t\t<\/div>\n\t\t\t\t\t\t\t\t\t\t\t<div class=\"loadmore-button-block\">\n\t\t\t\t\t\t\t<a class=\"loadmore-button new\" href=\"#\" data-array=\"[{&quot;id&quot;:2282,&quot;cat&quot;:[&quot;drame&quot;,&quot;thriller&quot;]},{&quot;id&quot;:2273,&quot;cat&quot;:[&quot;documentaire&quot;]},{&quot;id&quot;:2274,&quot;cat&quot;:[&quot;drame&quot;]},{&quot;id&quot;:2275,&quot;cat&quot;:[&quot;horreur&quot;]},{&quot;id&quot;:2276,&quot;cat&quot;:[&quot;drame&quot;]},{&quot;id&quot;:2265,&quot;cat&quot;:[&quot;documentaire&quot;]},{&quot;id&quot;:2266,&quot;cat&quot;:[&quot;documentaire&quot;]},{&quot;id&quot;:2268,&quot;cat&quot;:[&quot;drame&quot;]},{&quot;id&quot;:2267,&quot;cat&quot;:[&quot;documentaire&quot;]},{&quot;id&quot;:2260,&quot;cat&quot;:[&quot;documentaire&quot;]},{&quot;id&quot;:2258,&quot;cat&quot;:[&quot;drame&quot;]},{&quot;id&quot;:2259,&quot;cat&quot;:[&quot;drame&quot;]},{&quot;id&quot;:2257,&quot;cat&quot;:[&quot;drame&quot;]},{&quot;id&quot;:2255,&quot;cat&quot;:[&quot;drame&quot;]},{&quot;id&quot;:2253,&quot;cat&quot;:[&quot;drame&quot;]}] \" data-action=\"portfolio\" data-count=\"12\" data-atts=\"{&quot;uniqid&quot;:&quot;5cdd277e7ae77&quot;,&quot;count_items&quot;:&quot;12&quot;,&quot;type&quot;:&quot;masonry&quot;,&quot;grid_style&quot;:&quot;style2&quot;,&quot;carousel_style&quot;:&quot;style1&quot;,&quot;sub_heading&quot;:&quot;chapter&quot;,&quot;sub_heading2&quot;:&quot;chapter&quot;,&quot;heading&quot;:&quot;&quot;,&quot;button_label&quot;:&quot;watch full portfolio&quot;,&quot;cols&quot;:&quot; col-12 col-sm-6 col-md-4&quot;,&quot;carousel_cols&quot;:&quot;xs:1,sm:2,md:3,lg:4,&quot;,&quot;gap&quot;:&quot;on&quot;,&quot;filter_buttons&quot;:&quot;off&quot;,&quot;filter_buttons_align&quot;:&quot;tal&quot;,&quot;navigation&quot;:&quot;load_more&quot;,&quot;popup_mode&quot;:&quot;off&quot;,&quot;thumb_size&quot;:&quot;large&quot;,&quot;css_animation&quot;:&quot;fadeInUp&quot;,&quot;slider_loop&quot;:&quot;on&quot;,&quot;slider_autoplay&quot;:&quot;on&quot;,&quot;slider_autoplay_timeout&quot;:&quot;5000&quot;,&quot;slider_arrows&quot;:&quot;on&quot;,&quot;slider_counter&quot;:&quot;on&quot;,&quot;orderby&quot;:&quot;date&quot;,&quot;order&quot;:&quot;DESC&quot;,&quot;source&quot;:&quot;&quot;,&quot;items&quot;:&quot;&quot;,&quot;categories&quot;:&quot;&quot;,&quot;css&quot;:&quot;&quot;}\"><span>Charger plus<\/span><\/a>\n\t\t\t\t\t\t<\/div>\n\t\t\t\t\t\t\t\t\t<\/div>\n\t\t\t\t\t\t<\/div><\/div><\/div><\/div>\n<\/section>","protected":false},"excerpt":{"rendered":"Sortie le 1er mai 2024 Pour \u00e9chapper \u00e0 la police, un fils et son p\u00e8re en cavale sont contraints de trouver refuge dans une colonie de vacances pour jeunes adultes en situation de handicap, se faisant passer pour un pensionnaire et son \u00e9ducateur sp\u00e9cialis\u00e9. Le d\u00e9but des emmerdes et d\u2019une formidable exp\u00e9rience humaine qui va [...]","protected":false},"author":1,"featured_media":0,"parent":0,"menu_order":0,"comment_status":"closed","ping_status":"closed","template":"template-landing.php","meta":{"footnotes":""},"class_list":["post-1221","page","type-page","status-publish","hentry"],"acf":[],"_links":{"self":[{"href":"https:\/\/impactfilm.fr\/en\/wp-json\/wp\/v2\/pages\/1221","targetHints":{"allow":["GET"]}}],"collection":[{"href":"https:\/\/impactfilm.fr\/en\/wp-json\/wp\/v2\/pages"}],"about":[{"href":"https:\/\/impactfilm.fr\/en\/wp-json\/wp\/v2\/types\/page"}],"author":[{"embeddable":true,"href":"https:\/\/impactfilm.fr\/en\/wp-json\/wp\/v2\/users\/1"}],"replies":[{"embeddable":true,"href":"https:\/\/impactfilm.fr\/en\/wp-json\/wp\/v2\/comments?post=1221"}],"version-history":[{"count":10,"href":"https:\/\/impactfilm.fr\/en\/wp-json\/wp\/v2\/pages\/1221\/revisions"}],"predecessor-version":[{"id":2084,"href":"https:\/\/impactfilm.fr\/en\/wp-json\/wp\/v2\/pages\/1221\/revisions\/2084"}],"wp:attachment":[{"href":"https:\/\/impactfilm.fr\/en\/wp-json\/wp\/v2\/media?parent=1221"}],"curies":[{"name":"wp","href":"https:\/\/api.w.org\/{rel}","templated":true}]}}