{"id":592,"date":"2019-04-22T11:59:46","date_gmt":"2019-04-22T11:59:46","guid":{"rendered":"https:\/\/promo-theme.com\/mato\/?page_id=592"},"modified":"2024-05-16T11:59:24","modified_gmt":"2024-05-16T09:59:24","slug":"contact","status":"publish","type":"page","link":"https:\/\/impactfilm.fr\/en\/contact\/","title":{"rendered":"Contact"},"content":{"rendered":"<section class=\"wpb-content-wrapper\"><div data-vc-full-width=\"true\" data-vc-full-width-init=\"false\" data-vc-stretch-content=\"true\" class=\"vc_row wpb_row vc_row-fluid vc_row-5cda6d888e791 vc_row-no-padding\"><div class=\"wpb_column vc_column_container vc_col-sm-12 vc_row-69e6cb54d9f6e\"><div class=\"vc_column-inner\"><div class=\"wpb_wrapper\">    <section class=\"banner-area banner-area-5cda6d4d42a44 banner-default\">\n            <div class=\"banner-item tac\" style=\"height: 380px;\">\n        \n    <div class=\"bg-overlay\">\n                        <div class=\"image\" data-parallax=\"true\" data-image-src=\"https:\/\/impactfilm.fr\/wp-content\/uploads\/2022\/11\/impactfilm-la-source-17-scaled.jpg\" data-position-y=\"center\" data-speed=\"0.8\"><\/div>\n                                <div class=\"color\"><\/div>\n          <\/div>\n\n            <div class=\"container\">\n          <div class=\"row align-items-center fixed-height\" style=\"height: 380px;\">\n            <div class=\"col\">\n                              <div class=\"heading-block tac\">\n                                      <div class=\"sub-h\">Investors, cinema and audiovisual professionals<\/div>\n                                      <h1 class=\"h\">Join us!<\/h1>\n                                  <\/div>\n                          <\/div>\n          <\/div>\n        <\/div>\n      <\/div>\n    <\/section>\n    <\/div><\/div><\/div><\/div><div class=\"vc_row-full-width vc_clearfix\"><\/div><div class=\"vc_row wpb_row vc_row-fluid vc_row-69e6cb54dc3a4\"><div class=\"wpb_column vc_column_container vc_col-sm-6 vc_row-5cda7cbd2d333\"><div class=\"vc_column-inner vc_custom_1557823572261\"><div class=\"wpb_wrapper\">      <div class=\"heading-block heading-5cda6da5f340f tal h-h6 vc_custom_1715853561059\">\n                  <div class=\"sub-h translation-block\">Don't hesitate to<br>\nContact us !<\/div>\n                  <h6 class=\"h\">N.B. : Nous ne travaillons pas directement avec les talents artistiques, si vous avez un projet \u00e0 nous soumettre, merci de passer par votre producteur\u00b7ice.<\/h6>\n              <\/div>\n    <\/div><\/div><\/div><div class=\"wpb_column vc_column_container vc_col-sm-6 vc_row-5cda7d00229ce\"><div class=\"vc_column-inner vc_custom_1558337353999\"><div class=\"wpb_wrapper\">\n\t<div class=\"wpb_text_column wpb_content_element\" >\n\t\t<div class=\"wpb_wrapper\">\n\t\t\t\n<div class=\"wpcf7 no-js\" id=\"wpcf7-f1371-o1\" lang=\"en-US\" dir=\"ltr\">\n<div class=\"screen-reader-response\"><p role=\"status\" aria-live=\"polite\" aria-atomic=\"true\"><\/p> <ul><\/ul><\/div>\n<form action=\"\/en\/wp-json\/wp\/v2\/pages\/592#wpcf7-f1371-o1\" method=\"post\" class=\"wpcf7-form init\" aria-label=\"Contact form\" novalidate=\"novalidate\" data-status=\"init\" data-trp-original-action=\"\/en\/wp-json\/wp\/v2\/pages\/592#wpcf7-f1371-o1\">\n<div style=\"display: none;\">\n<input type=\"hidden\" name=\"_wpcf7\" value=\"1371\" \/>\n<input type=\"hidden\" name=\"_wpcf7_version\" value=\"5.7.7\" \/>\n<input type=\"hidden\" name=\"_wpcf7_locale\" value=\"en_US\" \/>\n<input type=\"hidden\" name=\"_wpcf7_unit_tag\" value=\"wpcf7-f1371-o1\" \/>\n<input type=\"hidden\" name=\"_wpcf7_container_post\" value=\"0\" \/>\n<input type=\"hidden\" name=\"_wpcf7_posted_data_hash\" value=\"\" \/>\n<input type=\"hidden\" name=\"_wpcf7_recaptcha_response\" value=\"\" \/>\n<\/div>\n<div class=\"contact-form\"><div class=\"input-row\"><label>Your name <span>*<\/span><\/label><span class=\"wpcf7-form-control-wrap\" data-name=\"f-name\"><input size=\"40\" class=\"wpcf7-form-control wpcf7-text wpcf7-validates-as-required style1\" aria-required=\"true\" aria-invalid=\"false\" value=\"\" type=\"text\" name=\"f-name\" \/><\/span><\/div><div class=\"input-row\"><label>Your e-mail <span>*<\/span><\/label><span class=\"wpcf7-form-control-wrap\" data-name=\"f-email\"><input size=\"40\" class=\"wpcf7-form-control wpcf7-text wpcf7-email wpcf7-validates-as-required wpcf7-validates-as-email style1\" aria-required=\"true\" aria-invalid=\"false\" value=\"\" type=\"email\" name=\"f-email\" \/><\/span><\/div><div class=\"input-row\"><label>Votre message <span>*<\/span><\/label><span class=\"wpcf7-form-control-wrap\" data-name=\"f-message\"><textarea cols=\"40\" rows=\"6\" class=\"wpcf7-form-control wpcf7-textarea wpcf7-validates-as-required style1\" aria-required=\"true\" aria-invalid=\"false\" name=\"f-message\"><\/textarea><\/span><\/div><button class=\"button-style2\" type=\"submit\"><span>Send<\/span><\/button><\/div><div class=\"wpcf7-response-output\" aria-hidden=\"true\"><\/div>\n<input type=\"hidden\" name=\"trp-form-language\" value=\"en\"\/><\/form>\n<\/div>\n\n\n\t\t<\/div>\n\t<\/div>\n<\/div><\/div><\/div><\/div>\n<\/section>","protected":false},"excerpt":{"rendered":"Investisseurs, professionnels du cinema et de l\u2019audiovisuel Rejoignez nous ! N'h\u00e9sitez pas \u00e0 nous contacter ! N.B. : Nous ne travaillons pas directement avec les talents artistiques, si vous avez un projet \u00e0 nous soumettre, merci de passer par votre producteur\u00b7ice. Votre nom *Votre e-mail *Votre message *Envoyer","protected":false},"author":1,"featured_media":0,"parent":0,"menu_order":0,"comment_status":"closed","ping_status":"closed","template":"template-landing.php","meta":{"footnotes":""},"class_list":["post-592","page","type-page","status-publish","hentry"],"acf":[],"_links":{"self":[{"href":"https:\/\/impactfilm.fr\/en\/wp-json\/wp\/v2\/pages\/592","targetHints":{"allow":["GET"]}}],"collection":[{"href":"https:\/\/impactfilm.fr\/en\/wp-json\/wp\/v2\/pages"}],"about":[{"href":"https:\/\/impactfilm.fr\/en\/wp-json\/wp\/v2\/types\/page"}],"author":[{"embeddable":true,"href":"https:\/\/impactfilm.fr\/en\/wp-json\/wp\/v2\/users\/1"}],"replies":[{"embeddable":true,"href":"https:\/\/impactfilm.fr\/en\/wp-json\/wp\/v2\/comments?post=592"}],"version-history":[{"count":18,"href":"https:\/\/impactfilm.fr\/en\/wp-json\/wp\/v2\/pages\/592\/revisions"}],"predecessor-version":[{"id":2213,"href":"https:\/\/impactfilm.fr\/en\/wp-json\/wp\/v2\/pages\/592\/revisions\/2213"}],"wp:attachment":[{"href":"https:\/\/impactfilm.fr\/en\/wp-json\/wp\/v2\/media?parent=592"}],"curies":[{"name":"wp","href":"https:\/\/api.w.org\/{rel}","templated":true}]}}